{"id":13,"date":"2014-11-13T22:10:06","date_gmt":"2014-11-14T00:10:06","guid":{"rendered":"http:\/\/tuliomorais.com\/?page_id=13"},"modified":"2021-03-01T14:05:23","modified_gmt":"2021-03-01T13:05:23","slug":"perfil","status":"publish","type":"page","link":"https:\/\/tuliomorais.com\/pt\/perfil\/","title":{"rendered":"Perfil"},"content":{"rendered":"<p>D\u00eas de muito novo apreciador e \u201cfazedor\u201d de trabalhos manuais, Tulio Morais, nascido em uma fam\u00edlia de artistas sempre navegou por universos est\u00e9ticos. Muito observador, v\u00ea em tudo a sua volta uma fonte inesgot\u00e1vel de id\u00e9ias. Com foco direcionado aos trabalhos manuais prop\u00f5e e defende o resgate da cria\u00e7\u00e3o com pe\u00e7as \u00fanicas e sob medida. Moda atemporal que resiste \u00e0s mudan\u00e7as de gostos, temporadas e esta\u00e7\u00f5es.<\/p>\n<p>\tEnriquece seu trabalho; Sempre buscando aprender e desenvolver novas t\u00e9cnicas de cria\u00e7\u00e3o. Constantemente expandindo seu universo criativo com viagens, livros, filmes, musicas, fotos, pessoas\u2026.Dormindo sobre sedas, rendas e tules, procura constantemente se aprimorar , para oferecer o que a de melhor em si a todos que o procuram. Bacharel em  Design de Moda no Brasil, P\u00f3s-Graduado na Ecole de la Chambre Syndicale de la Couture Parisienne e Formado pela Academia National de L\u2019Opera de Paris. Tulio Morais busca materializar os sonhos e costurar  os  desejos dos clientes que o procuram.<br \/>\n<\/p>","protected":false},"excerpt":{"rendered":"<p>D\u00eas de muito novo apreciador e \u201cfazedor\u201d de trabalhos manuais, Tulio Morais, nascido em uma fam\u00edlia de artistas sempre navegou por universos est\u00e9ticos. Muito observador, v\u00ea em tudo a sua volta uma fonte inesgot\u00e1vel de id\u00e9ias. Com foco direcionado aos trabalhos manuais prop\u00f5e e defende o resgate da cria\u00e7\u00e3o com pe\u00e7as \u00fanicas e sob medida. [&hellip;]<\/p>\n","protected":false},"author":2,"featured_media":1734,"parent":0,"menu_order":3,"comment_status":"closed","ping_status":"closed","template":"","meta":{"footnotes":""},"_links":{"self":[{"href":"https:\/\/tuliomorais.com\/pt\/wp-json\/wp\/v2\/pages\/13"}],"collection":[{"href":"https:\/\/tuliomorais.com\/pt\/wp-json\/wp\/v2\/pages"}],"about":[{"href":"https:\/\/tuliomorais.com\/pt\/wp-json\/wp\/v2\/types\/page"}],"author":[{"embeddable":true,"href":"https:\/\/tuliomorais.com\/pt\/wp-json\/wp\/v2\/users\/2"}],"replies":[{"embeddable":true,"href":"https:\/\/tuliomorais.com\/pt\/wp-json\/wp\/v2\/comments?post=13"}],"version-history":[{"count":12,"href":"https:\/\/tuliomorais.com\/pt\/wp-json\/wp\/v2\/pages\/13\/revisions"}],"predecessor-version":[{"id":1808,"href":"https:\/\/tuliomorais.com\/pt\/wp-json\/wp\/v2\/pages\/13\/revisions\/1808"}],"wp:featuredmedia":[{"embeddable":true,"href":"https:\/\/tuliomorais.com\/pt\/wp-json\/wp\/v2\/media\/1734"}],"wp:attachment":[{"href":"https:\/\/tuliomorais.com\/pt\/wp-json\/wp\/v2\/media?parent=13"}],"curies":[{"name":"wp","href":"https:\/\/api.w.org\/{rel}","templated":true}]}}